{"id":58,"date":"2024-10-11T09:19:22","date_gmt":"2024-10-11T08:19:22","guid":{"rendered":"https:\/\/www.mpalife.ie\/home\/"},"modified":"2025-06-17T15:58:55","modified_gmt":"2025-06-17T14:58:55","slug":"home","status":"publish","type":"page","link":"https:\/\/www.mpalife.ie\/ga\/","title":{"rendered":"Baile"},"content":{"rendered":"\n<div style=\"height:50px\" aria-hidden=\"true\" class=\"wp-block-spacer\"><\/div>\n\n<div class=\"wp-block-columns is-layout-flex wp-container-core-columns-is-layout-e0e4babd wp-block-columns-is-layout-flex\" style=\"padding-right:0;padding-left:0\">\n<div class=\"wp-block-column is-layout-flow wp-block-column-is-layout-flow\" style=\"flex-basis:25%\">\n<figure class=\"wp-block-image size-large\"><img loading=\"lazy\" decoding=\"async\" width=\"1020\" height=\"1024\" src=\"https:\/\/www.mpalife.ie\/wp-content\/uploads\/2024\/10\/LOGO_FINAL_trans-1020x1024.png\" alt=\"LIFE LMC &#xC9;ireann\" class=\"wp-image-90\" srcset=\"https:\/\/www.mpalife.ie\/wp-content\/uploads\/2024\/10\/LOGO_FINAL_trans-1020x1024.png 1020w, https:\/\/www.mpalife.ie\/wp-content\/uploads\/2024\/10\/LOGO_FINAL_trans-300x300.png 300w, https:\/\/www.mpalife.ie\/wp-content\/uploads\/2024\/10\/LOGO_FINAL_trans-150x150.png 150w, https:\/\/www.mpalife.ie\/wp-content\/uploads\/2024\/10\/LOGO_FINAL_trans-768x771.png 768w, https:\/\/www.mpalife.ie\/wp-content\/uploads\/2024\/10\/LOGO_FINAL_trans.png 1209w\" sizes=\"auto, (max-width: 1020px) 100vw, 1020px\" \/><\/figure>\n\n\n\n<p class=\"has-text-align-center has-x-large-font-size\" style=\"font-style:normal;font-weight:900\">Cosain<br\/>Athch\u00f3irigh<br\/>Cothaigh<\/p>\n\n\n\n<p class=\"has-text-align-center has-x-large-font-size\" style=\"font-style:normal;font-weight:900\">Le ch\u00e9ile<\/p>\n<\/div>\n\n\n\n<div class=\"wp-block-column is-layout-flow wp-block-column-is-layout-flow\" style=\"flex-basis:75%\">\n<p>T\u00e1 tionscadal LIFE LMC \u00c9ireann d\u00edrithe ar an l\u00edonra \u00c9ireannach de Limist\u00e9ir Mhuir\u00ed faoi Chosaint (LMCanna) a leathn\u00fa go suntasach chun sprioc 30% de chl\u00fadach an limist\u00e9ir mhuir\u00ed a bhaint amach faoi 2030.<\/p>\n\n\n\n<p>Is \u00e9 an phr\u00edomhsprioc at\u00e1 aige n\u00e1 cur go m\u00f3r le h\u00e9iceach\u00f3rais mhuir\u00ed na h\u00c9ireann a chosaint, a chaomhn\u00fa agus cabhr\u00fa lena n-athshl\u00e1n\u00fa agus ar an gcaoi sin tac\u00fa le Dea-St\u00e1das Comhshaoil a bhaint amach in\u00e1r dtimpeallacht mhuir\u00ed.<\/p>\n\n\n\n<p>Go hoibr\u00edocht\u00fail, scr\u00fad\u00f3idh agus forbr\u00f3idh an tionscadal bearta caomhnaithe limist\u00e9arbhunaithe do raon leathan speiceas, gn\u00e1th\u00f3g leochaileacha agus gn\u00e9ithe \u00edogaire eile a dteasta\u00edonn cosaint uathu bunaithe ar eolas reatha agus ar fhianaise eola\u00edoch.<\/p>\n\n\n\n<p>D\u00e9anfar na bearta seo i bhfoirm LMCanna, mar aon lena gcusp\u00f3ir\u00ed caomhnaithe agus a bpleananna bainist\u00edochta, a fhorbairt agus a chur i bhfeidhm le rannph\u00e1irt\u00edocht ghn\u00edomhach na bp\u00e1irtithe leasmhara agus na saor\u00e1nach. Cinnteoidh s\u00e9 seo pr\u00f3iseas l\u00e1idir agus fi\u00fantach chun LMCanna a ainmni\u00fa agus a bhainisti\u00fa in \u00c9irinn. <\/p>\n\n\n\n<p>T\u00e1 tionscadal LIFE LMC le bheith ar si\u00fal ar feadh naoi mbliana suas go dt\u00ed 2033, agus is comhph\u00e1irt\u00edocht \u00e9 idir an Roinn Tith\u00edochta, Rialtais \u00c1iti\u00fail agus Oidhreachta, an Col\u00e1iste Ollscoile, Baile \u00c1tha Cliath, Col\u00e1iste na hOllscoile, Corcaigh agus Ollscoil na Gaillimhe.<\/p>\n\n\n\n<p>T\u00e1 an tionscadal comh-mhaoinithe ag an Roinn Tith\u00edochta, Rialtais \u00c1iti\u00fail agus Oidhreachta agus cl\u00e1r LIFE an Aontais Eorpaigh.<\/p>\n<\/div>\n<\/div>\n\n<div class=\"wp-block-columns are-vertically-aligned-center has-ast-global-color-3-background-color has-background is-layout-flex wp-container-core-columns-is-layout-ef350914 wp-block-columns-is-layout-flex\" style=\"padding-top:var(--wp--preset--spacing--30);padding-bottom:var(--wp--preset--spacing--30)\">\n<div class=\"wp-block-column is-vertically-aligned-center is-layout-flow wp-block-column-is-layout-flow\">\n<div class=\"wp-block-columns are-vertically-aligned-center has-ast-global-color-3-background-color has-background is-layout-flex wp-container-core-columns-is-layout-1146dd41 wp-block-columns-is-layout-flex\" style=\"padding-right:0;padding-left:0\">\n<div class=\"wp-block-column is-vertically-aligned-center is-layout-flow wp-block-column-is-layout-flow\" style=\"padding-right:0;padding-left:0;flex-basis:331px\">\n<figure class=\"wp-block-image aligncenter size-large is-resized\"><img loading=\"lazy\" decoding=\"async\" width=\"1024\" height=\"232\" src=\"https:\/\/www.mpalife.ie\/wp-content\/uploads\/2024\/10\/EN-Co-funded-by-the-EU_POS_Cropped-1024x232.png\" alt=\"Arna ch&#xF3;mhaoini&#xFA; ag an Aontas Eorpach\" class=\"wp-image-38\" style=\"object-fit:contain;width:331px;height:75px\" srcset=\"https:\/\/www.mpalife.ie\/wp-content\/uploads\/2024\/10\/EN-Co-funded-by-the-EU_POS_Cropped-1024x232.png 1024w, https:\/\/www.mpalife.ie\/wp-content\/uploads\/2024\/10\/EN-Co-funded-by-the-EU_POS_Cropped-300x68.png 300w, https:\/\/www.mpalife.ie\/wp-content\/uploads\/2024\/10\/EN-Co-funded-by-the-EU_POS_Cropped-768x174.png 768w, https:\/\/www.mpalife.ie\/wp-content\/uploads\/2024\/10\/EN-Co-funded-by-the-EU_POS_Cropped-1536x348.png 1536w, https:\/\/www.mpalife.ie\/wp-content\/uploads\/2024\/10\/EN-Co-funded-by-the-EU_POS_Cropped-2048x464.png 2048w\" sizes=\"auto, (max-width: 1024px) 100vw, 1024px\" \/><\/figure>\n<\/div>\n\n\n\n<div class=\"wp-block-column is-vertically-aligned-center is-layout-flow wp-block-column-is-layout-flow\" style=\"padding-right:0;padding-left:0;flex-basis:226px\">\n<figure class=\"wp-block-image aligncenter size-large is-resized\"><img loading=\"lazy\" decoding=\"async\" width=\"1024\" height=\"341\" src=\"https:\/\/www.mpalife.ie\/wp-content\/uploads\/2024\/10\/DHLGH-1024x341.png\" alt=\"An Roinn Tith&#xED;ochta, Rialtais &#xC1;iti&#xFA;il agus Oidhreachta\" class=\"wp-image-30\" style=\"object-fit:contain;width:226px;height:75px\" srcset=\"https:\/\/www.mpalife.ie\/wp-content\/uploads\/2024\/10\/DHLGH-1024x341.png 1024w, https:\/\/www.mpalife.ie\/wp-content\/uploads\/2024\/10\/DHLGH-300x100.png 300w, https:\/\/www.mpalife.ie\/wp-content\/uploads\/2024\/10\/DHLGH-768x255.png 768w, https:\/\/www.mpalife.ie\/wp-content\/uploads\/2024\/10\/DHLGH-1536x511.png 1536w, https:\/\/www.mpalife.ie\/wp-content\/uploads\/2024\/10\/DHLGH-2048x681.png 2048w\" sizes=\"auto, (max-width: 1024px) 100vw, 1024px\" \/><\/figure>\n<\/div>\n\n\n\n<div class=\"wp-block-column is-vertically-aligned-center is-layout-flow wp-block-column-is-layout-flow\" style=\"padding-right:0;padding-left:0;flex-basis:75px\">\n<figure class=\"wp-block-image aligncenter size-full is-resized\"><img loading=\"lazy\" decoding=\"async\" width=\"700\" height=\"700\" src=\"https:\/\/www.mpalife.ie\/wp-content\/uploads\/2024\/10\/ucd-crest.jpg\" alt=\"An Col&#xE1;iste Ollscoile, Baile &#xC1;tha Cliath\" class=\"wp-image-86\" style=\"object-fit:contain;width:75px;height:75px\" srcset=\"https:\/\/www.mpalife.ie\/wp-content\/uploads\/2024\/10\/ucd-crest.jpg 700w, https:\/\/www.mpalife.ie\/wp-content\/uploads\/2024\/10\/ucd-crest-300x300.jpg 300w, https:\/\/www.mpalife.ie\/wp-content\/uploads\/2024\/10\/ucd-crest-150x150.jpg 150w\" sizes=\"auto, (max-width: 700px) 100vw, 700px\" \/><\/figure>\n<\/div>\n\n\n\n<div class=\"wp-block-column is-vertically-aligned-center is-layout-flow wp-block-column-is-layout-flow\" style=\"padding-right:0;padding-left:0;flex-basis:135px\">\n<figure class=\"wp-block-image aligncenter size-full is-resized\"><img loading=\"lazy\" decoding=\"async\" width=\"900\" height=\"500\" src=\"https:\/\/www.mpalife.ie\/wp-content\/uploads\/2024\/10\/university-college-cork-ucc-logo-vector.png\" alt=\"Col&#xE1;iste na hOllscoile, Corcaigh\" class=\"wp-image-31\" style=\"object-fit:contain;width:135px;height:75px\" srcset=\"https:\/\/www.mpalife.ie\/wp-content\/uploads\/2024\/10\/university-college-cork-ucc-logo-vector.png 900w, https:\/\/www.mpalife.ie\/wp-content\/uploads\/2024\/10\/university-college-cork-ucc-logo-vector-300x167.png 300w, https:\/\/www.mpalife.ie\/wp-content\/uploads\/2024\/10\/university-college-cork-ucc-logo-vector-768x427.png 768w\" sizes=\"auto, (max-width: 900px) 100vw, 900px\" \/><\/figure>\n<\/div>\n\n\n\n<div class=\"wp-block-column is-vertically-aligned-center is-layout-flow wp-block-column-is-layout-flow\" style=\"padding-right:0;padding-left:0;flex-basis:303px\">\n<figure class=\"wp-block-image aligncenter size-full is-resized\"><img loading=\"lazy\" decoding=\"async\" width=\"800\" height=\"198\" src=\"https:\/\/www.mpalife.ie\/wp-content\/uploads\/2024\/10\/nuig.png\" alt=\"Ollscoil na Gaillimhe\" class=\"wp-image-32\" style=\"object-fit:contain;width:303px;height:75px\" srcset=\"https:\/\/www.mpalife.ie\/wp-content\/uploads\/2024\/10\/nuig.png 800w, https:\/\/www.mpalife.ie\/wp-content\/uploads\/2024\/10\/nuig-300x74.png 300w, https:\/\/www.mpalife.ie\/wp-content\/uploads\/2024\/10\/nuig-768x190.png 768w\" sizes=\"auto, (max-width: 800px) 100vw, 800px\" \/><\/figure>\n<\/div>\n<\/div>\n<\/div>\n<\/div>\n\n<div style=\"height:50px\" aria-hidden=\"true\" class=\"wp-block-spacer\"><\/div>\n","protected":false},"excerpt":{"rendered":"<p>CosainAthch\u00f3irighCothaigh Le ch\u00e9ile T\u00e1 tionscadal LIFE LMC \u00c9ireann d\u00edrithe ar an l\u00edonra \u00c9ireannach de Limist\u00e9ir Mhuir\u00ed faoi Chosaint (LMCanna) a [&hellip;]<\/p>\n","protected":false},"author":1,"featured_media":0,"parent":0,"menu_order":0,"comment_status":"closed","ping_status":"closed","template":"","meta":{"site-sidebar-layout":"default","site-content-layout":"","ast-site-content-layout":"default","site-content-style":"default","site-sidebar-style":"default","ast-global-header-display":"","ast-banner-title-visibility":"","ast-main-header-display":"","ast-hfb-above-header-display":"","ast-hfb-below-header-display":"","ast-hfb-mobile-header-display":"","site-post-title":"disabled","ast-breadcrumbs-content":"","ast-featured-img":"","footer-sml-layout":"","ast-disable-related-posts":"","theme-transparent-header-meta":"","adv-header-id-meta":"","stick-header-meta":"","header-above-stick-meta":"","header-main-stick-meta":"","header-below-stick-meta":"","astra-migrate-meta-layouts":"default","ast-page-background-enabled":"default","ast-page-background-meta":{"desktop":{"background-color":"var(--ast-global-color-4)","background-image":"","background-repeat":"repeat","background-position":"center center","background-size":"auto","background-attachment":"scroll","background-type":"","background-media":"","overlay-type":"","overlay-color":"","overlay-opacity":"","overlay-gradient":""},"tablet":{"background-color":"","background-image":"","background-repeat":"repeat","background-position":"center center","background-size":"auto","background-attachment":"scroll","background-type":"","background-media":"","overlay-type":"","overlay-color":"","overlay-opacity":"","overlay-gradient":""},"mobile":{"background-color":"","background-image":"","background-repeat":"repeat","background-position":"center center","background-size":"auto","background-attachment":"scroll","background-type":"","background-media":"","overlay-type":"","overlay-color":"","overlay-opacity":"","overlay-gradient":""}},"ast-content-background-meta":{"desktop":{"background-color":"var(--ast-global-color-5)","background-image":"","background-repeat":"repeat","background-position":"center center","background-size":"auto","background-attachment":"scroll","background-type":"","background-media":"","overlay-type":"","overlay-color":"","overlay-opacity":"","overlay-gradient":""},"tablet":{"background-color":"var(--ast-global-color-5)","background-image":"","background-repeat":"repeat","background-position":"center center","background-size":"auto","background-attachment":"scroll","background-type":"","background-media":"","overlay-type":"","overlay-color":"","overlay-opacity":"","overlay-gradient":""},"mobile":{"background-color":"var(--ast-global-color-5)","background-image":"","background-repeat":"repeat","background-position":"center center","background-size":"auto","background-attachment":"scroll","background-type":"","background-media":"","overlay-type":"","overlay-color":"","overlay-opacity":"","overlay-gradient":""}},"footnotes":""},"class_list":["post-58","page","type-page","status-publish","hentry"],"yoast_head":"<!-- This site is optimized with the Yoast SEO plugin v27.2 - https:\/\/yoast.com\/product\/yoast-seo-wordpress\/ -->\n<title>Baile - Limist\u00e9ir Mhuir\u00ed faoi Chosaint<\/title>\n<meta name=\"robots\" content=\"index, follow, max-snippet:-1, max-image-preview:large, max-video-preview:-1\" \/>\n<link rel=\"canonical\" href=\"https:\/\/www.mpalife.ie\/ga\/\" \/>\n<meta property=\"og:locale\" content=\"ga_IE\" \/>\n<meta property=\"og:type\" content=\"article\" \/>\n<meta property=\"og:title\" content=\"Baile - Limist\u00e9ir Mhuir\u00ed faoi Chosaint\" \/>\n<meta property=\"og:description\" content=\"CosainAthch\u00f3irighCothaigh Le ch\u00e9ile T\u00e1 tionscadal LIFE LMC \u00c9ireann d\u00edrithe ar an l\u00edonra \u00c9ireannach de Limist\u00e9ir Mhuir\u00ed faoi Chosaint (LMCanna) a [&hellip;]\" \/>\n<meta property=\"og:url\" content=\"https:\/\/www.mpalife.ie\/ga\/\" \/>\n<meta property=\"og:site_name\" content=\"Limist\u00e9ir Mhuir\u00ed faoi Chosaint\" \/>\n<meta property=\"article:modified_time\" content=\"2025-06-17T14:58:55+00:00\" \/>\n<meta property=\"og:image\" content=\"https:\/\/www.mpalife.ie\/wp-content\/uploads\/2024\/10\/LOGO_FINAL_trans.png\" \/>\n\t<meta property=\"og:image:width\" content=\"1209\" \/>\n\t<meta property=\"og:image:height\" content=\"1214\" \/>\n\t<meta property=\"og:image:type\" content=\"image\/png\" \/>\n<meta name=\"twitter:card\" content=\"summary_large_image\" \/>\n<meta name=\"twitter:label1\" content=\"Est. reading time\" \/>\n\t<meta name=\"twitter:data1\" content=\"3 minutes\" \/>\n<script type=\"application\/ld+json\" class=\"yoast-schema-graph\">{\"@context\":\"https:\/\/schema.org\",\"@graph\":[{\"@type\":\"WebPage\",\"@id\":\"https:\/\/www.mpalife.ie\/ga\/\",\"url\":\"https:\/\/www.mpalife.ie\/ga\/\",\"name\":\"Baile - Limist\u00e9ir Mhuir\u00ed faoi Chosaint\",\"isPartOf\":{\"@id\":\"https:\/\/www.mpalife.ie\/ga\/#website\"},\"primaryImageOfPage\":{\"@id\":\"https:\/\/www.mpalife.ie\/ga\/#primaryimage\"},\"image\":{\"@id\":\"https:\/\/www.mpalife.ie\/ga\/#primaryimage\"},\"thumbnailUrl\":\"https:\/\/www.mpalife.ie\/wp-content\/uploads\/2024\/10\/LOGO_FINAL_trans-1020x1024.png\",\"datePublished\":\"2024-10-11T08:19:22+00:00\",\"dateModified\":\"2025-06-17T14:58:55+00:00\",\"breadcrumb\":{\"@id\":\"https:\/\/www.mpalife.ie\/ga\/#breadcrumb\"},\"inLanguage\":\"ga-IE\",\"potentialAction\":[{\"@type\":\"ReadAction\",\"target\":[\"https:\/\/www.mpalife.ie\/ga\/\"]}]},{\"@type\":\"ImageObject\",\"inLanguage\":\"ga-IE\",\"@id\":\"https:\/\/www.mpalife.ie\/ga\/#primaryimage\",\"url\":\"https:\/\/www.mpalife.ie\/wp-content\/uploads\/2024\/10\/LOGO_FINAL_trans-1020x1024.png\",\"contentUrl\":\"https:\/\/www.mpalife.ie\/wp-content\/uploads\/2024\/10\/LOGO_FINAL_trans-1020x1024.png\"},{\"@type\":\"BreadcrumbList\",\"@id\":\"https:\/\/www.mpalife.ie\/ga\/#breadcrumb\",\"itemListElement\":[{\"@type\":\"ListItem\",\"position\":1,\"name\":\"Home\",\"item\":\"https:\/\/www.mpalife.ie\/ga\/\"},{\"@type\":\"ListItem\",\"position\":2,\"name\":\"Baile\"}]},{\"@type\":\"WebSite\",\"@id\":\"https:\/\/www.mpalife.ie\/ga\/#website\",\"url\":\"https:\/\/www.mpalife.ie\/ga\/\",\"name\":\"Limist\u00e9ir Mhuir\u00ed faoi Chosaint\",\"description\":\"\",\"potentialAction\":[{\"@type\":\"SearchAction\",\"target\":{\"@type\":\"EntryPoint\",\"urlTemplate\":\"https:\/\/www.mpalife.ie\/ga\/?s={search_term_string}\"},\"query-input\":{\"@type\":\"PropertyValueSpecification\",\"valueRequired\":true,\"valueName\":\"search_term_string\"}}],\"inLanguage\":\"ga-IE\"}]}<\/script>\n<!-- \/ Yoast SEO plugin. -->","yoast_head_json":{"title":"Baile - Limist\u00e9ir Mhuir\u00ed faoi Chosaint","robots":{"index":"index","follow":"follow","max-snippet":"max-snippet:-1","max-image-preview":"max-image-preview:large","max-video-preview":"max-video-preview:-1"},"canonical":"https:\/\/www.mpalife.ie\/ga\/","og_locale":"ga_IE","og_type":"article","og_title":"Baile - Limist\u00e9ir Mhuir\u00ed faoi Chosaint","og_description":"CosainAthch\u00f3irighCothaigh Le ch\u00e9ile T\u00e1 tionscadal LIFE LMC \u00c9ireann d\u00edrithe ar an l\u00edonra \u00c9ireannach de Limist\u00e9ir Mhuir\u00ed faoi Chosaint (LMCanna) a [&hellip;]","og_url":"https:\/\/www.mpalife.ie\/ga\/","og_site_name":"Limist\u00e9ir Mhuir\u00ed faoi Chosaint","article_modified_time":"2025-06-17T14:58:55+00:00","og_image":[{"width":1209,"height":1214,"url":"https:\/\/www.mpalife.ie\/wp-content\/uploads\/2024\/10\/LOGO_FINAL_trans.png","type":"image\/png"}],"twitter_card":"summary_large_image","twitter_misc":{"Est. reading time":"3 minutes"},"schema":{"@context":"https:\/\/schema.org","@graph":[{"@type":"WebPage","@id":"https:\/\/www.mpalife.ie\/ga\/","url":"https:\/\/www.mpalife.ie\/ga\/","name":"Baile - Limist\u00e9ir Mhuir\u00ed faoi Chosaint","isPartOf":{"@id":"https:\/\/www.mpalife.ie\/ga\/#website"},"primaryImageOfPage":{"@id":"https:\/\/www.mpalife.ie\/ga\/#primaryimage"},"image":{"@id":"https:\/\/www.mpalife.ie\/ga\/#primaryimage"},"thumbnailUrl":"https:\/\/www.mpalife.ie\/wp-content\/uploads\/2024\/10\/LOGO_FINAL_trans-1020x1024.png","datePublished":"2024-10-11T08:19:22+00:00","dateModified":"2025-06-17T14:58:55+00:00","breadcrumb":{"@id":"https:\/\/www.mpalife.ie\/ga\/#breadcrumb"},"inLanguage":"ga-IE","potentialAction":[{"@type":"ReadAction","target":["https:\/\/www.mpalife.ie\/ga\/"]}]},{"@type":"ImageObject","inLanguage":"ga-IE","@id":"https:\/\/www.mpalife.ie\/ga\/#primaryimage","url":"https:\/\/www.mpalife.ie\/wp-content\/uploads\/2024\/10\/LOGO_FINAL_trans-1020x1024.png","contentUrl":"https:\/\/www.mpalife.ie\/wp-content\/uploads\/2024\/10\/LOGO_FINAL_trans-1020x1024.png"},{"@type":"BreadcrumbList","@id":"https:\/\/www.mpalife.ie\/ga\/#breadcrumb","itemListElement":[{"@type":"ListItem","position":1,"name":"Home","item":"https:\/\/www.mpalife.ie\/ga\/"},{"@type":"ListItem","position":2,"name":"Baile"}]},{"@type":"WebSite","@id":"https:\/\/www.mpalife.ie\/ga\/#website","url":"https:\/\/www.mpalife.ie\/ga\/","name":"Limist\u00e9ir Mhuir\u00ed faoi Chosaint","description":"","potentialAction":[{"@type":"SearchAction","target":{"@type":"EntryPoint","urlTemplate":"https:\/\/www.mpalife.ie\/ga\/?s={search_term_string}"},"query-input":{"@type":"PropertyValueSpecification","valueRequired":true,"valueName":"search_term_string"}}],"inLanguage":"ga-IE"}]}},"_links":{"self":[{"href":"https:\/\/www.mpalife.ie\/ga\/wp-json\/wp\/v2\/pages\/58","targetHints":{"allow":["GET"]}}],"collection":[{"href":"https:\/\/www.mpalife.ie\/ga\/wp-json\/wp\/v2\/pages"}],"about":[{"href":"https:\/\/www.mpalife.ie\/ga\/wp-json\/wp\/v2\/types\/page"}],"author":[{"embeddable":true,"href":"https:\/\/www.mpalife.ie\/ga\/wp-json\/wp\/v2\/users\/1"}],"replies":[{"embeddable":true,"href":"https:\/\/www.mpalife.ie\/ga\/wp-json\/wp\/v2\/comments?post=58"}],"version-history":[{"count":22,"href":"https:\/\/www.mpalife.ie\/ga\/wp-json\/wp\/v2\/pages\/58\/revisions"}],"predecessor-version":[{"id":147,"href":"https:\/\/www.mpalife.ie\/ga\/wp-json\/wp\/v2\/pages\/58\/revisions\/147"}],"wp:attachment":[{"href":"https:\/\/www.mpalife.ie\/ga\/wp-json\/wp\/v2\/media?parent=58"}],"curies":[{"name":"wp","href":"https:\/\/api.w.org\/{rel}","templated":true}]}}